{"id":9,"date":"2026-02-12T09:32:02","date_gmt":"2026-02-12T12:32:02","guid":{"rendered":"https:\/\/hrguincho.com.br\/?page_id=9"},"modified":"2026-03-09T16:21:26","modified_gmt":"2026-03-09T19:21:26","slug":"guincho-em-indaiatuba","status":"publish","type":"page","link":"https:\/\/hrguincho.com.br\/","title":{"rendered":"Guincho em Indaiatuba"},"content":{"rendered":"<p>[et_pb_section fb_built=&#8221;1&#8243; _builder_version=&#8221;4.27.4&#8243; _module_preset=&#8221;default&#8221; background_color=&#8221;#333333&#8243; global_colors_info=&#8221;{}&#8221;][et_pb_row _builder_version=&#8221;4.27.4&#8243; _module_preset=&#8221;default&#8221; global_colors_info=&#8221;{}&#8221;][et_pb_column type=&#8221;4_4&#8243; _builder_version=&#8221;4.27.4&#8243; _module_preset=&#8221;default&#8221; global_colors_info=&#8221;{}&#8221;][et_pb_text _builder_version=&#8221;4.27.4&#8243; _module_preset=&#8221;default&#8221; background_enable_color=&#8221;off&#8221; text_orientation=&#8221;center&#8221; background_layout=&#8221;dark&#8221; global_colors_info=&#8221;{}&#8221;]<\/p>\n<h1>Servi\u00e7o de Guincho em Indaiatuba<\/h1>\n<h2><strong>AUTO SOCORRO 24 HORAS NA CIDADE DE INDAIATUBA E REGI\u00c3O<\/strong><br \/><a href=\"tel:19989687574\" class=\"btn-header\"><i class=\"fas fa-phone\"><\/i> (19) 98968-7574<\/a><a href=\"https:\/\/api.whatsapp.com\/send\/?phone=5519989687574&amp;text=Preciso%20de%20um%20guincho%20urgente!&amp;app_absent=0\" class=\"btn-header\"><i class=\"fab fa-whatsapp\"><\/i> (19) 98968-7574<\/a><br \/>Procurando um Guincho em Indaiatuba com servi\u00e7o de qualidade e pre\u00e7o justo?<\/h2>\n<p>Melhor servi\u00e7o de Guinchos 24 horas em Indaiatuba<br \/>Servi\u00e7o de Guincho e Reboque Indaiatuba \u2013 S\u00e3o Paulo<br \/>Auto Socorro com guincho r\u00e1pido e barato em Indaiatuba<\/p>\n<p>[\/et_pb_text][\/et_pb_column][\/et_pb_row][\/et_pb_section][et_pb_section fb_built=&#8221;1&#8243; module_id=&#8221;servico-guincho&#8221; _builder_version=&#8221;4.27.4&#8243; _module_preset=&#8221;default&#8221; global_colors_info=&#8221;{}&#8221;][et_pb_row column_structure=&#8221;1_2,1_2&#8243; _builder_version=&#8221;4.27.4&#8243; _module_preset=&#8221;default&#8221; global_colors_info=&#8221;{}&#8221;][et_pb_column type=&#8221;1_2&#8243; _builder_version=&#8221;4.27.4&#8243; _module_preset=&#8221;default&#8221; global_colors_info=&#8221;{}&#8221;][et_pb_text _builder_version=&#8221;4.27.4&#8243; _module_preset=&#8221;default&#8221; global_colors_info=&#8221;{}&#8221;]<\/p>\n<h1>HR Guinchos: Servi\u00e7o de Guincho 24 Horas em Indaiatuba<\/h1>\n<p><strong>Socorro r\u00e1pido e reboque com pre\u00e7o justo na sua regi\u00e3o<\/strong><\/p>\n<p>Precisando de um guincho ou reboque r\u00e1pido? A <strong>HR Guinchos<\/strong> possui mais de 12 anos de experi\u00eancia no mercado, consolidando-se como a principal refer\u00eancia para quem busca <strong>guincho 24 horas em Indaiatuba<\/strong> e cidades vizinhas.<\/p>\n<p>Somos uma empresa dedicada a resolver problemas emergenciais de motoristas e ve\u00edculos de todos os portes, sempre com foco na seguran\u00e7a e agilidade.<\/p>\n<p><a style=\"width:100%; text-align:center;\" href=\"https:\/\/api.whatsapp.com\/send\/?phone=5519989687574&amp;text=Preciso%20de%20um%20guincho%20urgente!&amp;app_absent=0\" class=\"btn-header\"><i class=\"fab fa-whatsapp\"><\/i> (19) 98968-7574<\/a>[\/et_pb_text][\/et_pb_column][et_pb_column type=&#8221;1_2&#8243; _builder_version=&#8221;4.27.4&#8243; _module_preset=&#8221;default&#8221; global_colors_info=&#8221;{}&#8221;][et_pb_image src=&#8221;https:\/\/hrguincho.com.br\/wp-content\/uploads\/2026\/02\/fusca.webp&#8221; alt=&#8221;Caminh\u00e3o Guincho 24 horas em Indaiatuba&#8221; title_text=&#8221;fusca&#8221; _builder_version=&#8221;4.27.4&#8243; _module_preset=&#8221;default&#8221; border_radii=&#8221;on|4px|4px|4px|4px&#8221; global_colors_info=&#8221;{}&#8221;][\/et_pb_image][\/et_pb_column][\/et_pb_row][\/et_pb_section][et_pb_section fb_built=&#8221;1&#8243; module_id=&#8221;reboque-24-horas&#8221; _builder_version=&#8221;4.27.4&#8243; _module_preset=&#8221;default&#8221; background_color=&#8221;#333333&#8243; global_colors_info=&#8221;{}&#8221;][et_pb_row column_structure=&#8221;1_2,1_2&#8243; _builder_version=&#8221;4.27.4&#8243; _module_preset=&#8221;default&#8221; global_colors_info=&#8221;{}&#8221;][et_pb_column type=&#8221;1_2&#8243; _builder_version=&#8221;4.27.4&#8243; _module_preset=&#8221;default&#8221; global_colors_info=&#8221;{}&#8221;][et_pb_image src=&#8221;https:\/\/hrguincho.com.br\/wp-content\/uploads\/2026\/02\/carro-guinchado-indaiatuba.webp&#8221; alt=&#8221;Caminh\u00e3o Guincho 24 horas em Indaiatuba&#8221; title_text=&#8221;Caminh\u00e3o Guincho 24 horas em Indaiatuba&#8221; _builder_version=&#8221;4.27.4&#8243; _module_preset=&#8221;default&#8221; border_radii=&#8221;on|4px|4px|4px|4px&#8221; global_colors_info=&#8221;{}&#8221;][\/et_pb_image][\/et_pb_column][et_pb_column type=&#8221;1_2&#8243; _builder_version=&#8221;4.27.4&#8243; _module_preset=&#8221;default&#8221; global_colors_info=&#8221;{}&#8221;][et_pb_text _builder_version=&#8221;4.27.4&#8243; _module_preset=&#8221;default&#8221; background_layout=&#8221;dark&#8221; global_colors_info=&#8221;{}&#8221;]<\/p>\n<h2>Por que chamar a HR Guinchos?<\/h2>\n<ul>\n<li><strong>Atendimento em at\u00e9 30 minutos:<\/strong> Equipes estrategicamente posicionadas em todos os bairros de Indaiatuba.<\/li>\n<li><strong>Disponibilidade Total:<\/strong> Atuamos como <strong>guincho 24 horas em Indaiatuba<\/strong>, incluindo feriados e finais de semana.<\/li>\n<li><strong>Melhor Custo-Benef\u00edcio:<\/strong> Qualidade premium com o menor pre\u00e7o da regi\u00e3o.<\/li>\n<li><strong>Equipe Especializada:<\/strong> Profissionais treinados para assist\u00eancia e resgate seguro.<\/li>\n<\/ul>\n<h2>O resgate est\u00e1 a caminho!<\/h2>\n<p>Oferecemos uma estrutura completa de assist\u00eancia para garantir sua tranquilidade. N\u00e3o perca tempo parado na via!<\/p>\n<p><a style=\"width:100%; text-align:center;\" href=\"https:\/\/api.whatsapp.com\/send\/?phone=5519989687574&amp;text=Preciso%20de%20um%20guincho%20urgente!&amp;app_absent=0\" class=\"btn-header\"><i class=\"fab fa-whatsapp\"><\/i> (19) 98968-7574<\/a>[\/et_pb_text][\/et_pb_column][\/et_pb_row][\/et_pb_section][et_pb_section fb_built=&#8221;1&#8243; module_id=&#8221;guincho-emergencial&#8221; _builder_version=&#8221;4.27.4&#8243; _module_preset=&#8221;default&#8221; global_colors_info=&#8221;{}&#8221;][et_pb_row column_structure=&#8221;1_2,1_2&#8243; _builder_version=&#8221;4.27.4&#8243; _module_preset=&#8221;default&#8221; global_colors_info=&#8221;{}&#8221;][et_pb_column type=&#8221;1_2&#8243; _builder_version=&#8221;4.27.4&#8243; _module_preset=&#8221;default&#8221; global_colors_info=&#8221;{}&#8221;][et_pb_text _builder_version=&#8221;4.27.4&#8243; _module_preset=&#8221;default&#8221; global_colors_info=&#8221;{}&#8221;]<\/p>\n<h2>Servi\u00e7os de transporte de ve\u00edculos<\/h2>\n<p><strong>Al\u00e9m do servi\u00e7o de guincho e auto-socorro em Indaiatuba e regi\u00e3o, a HR oferece:<\/strong><\/p>\n<ul class=\"lista-servicos\">\n<li>Remo\u00e7\u00e3o de ve\u00edculos com pane ou colis\u00e3o<\/li>\n<li>Transporte de ve\u00edculos novos e antigos<\/li>\n<li>Guincho 24 horas em Indaiatuba e arredores<\/li>\n<li>Transporte de ve\u00edculos importados<\/li>\n<li>Transporte de barcos de pequeno porte<\/li>\n<li>Transportes de maquinas em geral<\/li>\n<li>Servi\u00e7o de reboque emergencial<\/li>\n<\/ul>\n<p><a style=\"width: 100%; text-align: center;\" href=\"https:\/\/api.whatsapp.com\/send\/?phone=5519989687574&amp;text=Preciso%20de%20um%20guincho%20urgente!&amp;app_absent=0\" class=\"btn-header\"><i class=\"fab fa-whatsapp\"><\/i> (19) 98968-7574<\/a>[\/et_pb_text][\/et_pb_column][et_pb_column type=&#8221;1_2&#8243; _builder_version=&#8221;4.27.4&#8243; _module_preset=&#8221;default&#8221; global_colors_info=&#8221;{}&#8221;][et_pb_image src=&#8221;https:\/\/hrguincho.com.br\/wp-content\/uploads\/2026\/02\/caminhao-guincho-indaiatuba.webp&#8221; alt=&#8221;Caminh\u00e3o Guincho 24 horas em Indaiatuba&#8221; title_text=&#8221;caminhao-guincho-indaiatuba&#8221; _builder_version=&#8221;4.27.4&#8243; _module_preset=&#8221;default&#8221; border_radii=&#8221;on|4px|4px|4px|4px&#8221; global_colors_info=&#8221;{}&#8221;][\/et_pb_image][\/et_pb_column][\/et_pb_row][\/et_pb_section]<\/p>\n","protected":false},"excerpt":{"rendered":"<p>Servi\u00e7o de Guincho em Indaiatuba AUTO SOCORRO 24 HORAS NA CIDADE DE INDAIATUBA E REGI\u00c3O (19) 98968-7574 (19) 98968-7574Procurando um Guincho em Indaiatuba com servi\u00e7o de qualidade e pre\u00e7o justo? Melhor servi\u00e7o de Guinchos 24 horas em IndaiatubaServi\u00e7o de Guincho e Reboque Indaiatuba \u2013 S\u00e3o PauloAuto Socorro com guincho r\u00e1pido e barato em IndaiatubaHR Guinchos: [&hellip;]<\/p>\n","protected":false},"author":1,"featured_media":35,"parent":0,"menu_order":0,"comment_status":"closed","ping_status":"closed","template":"","meta":{"_et_pb_use_builder":"on","_et_pb_old_content":"<!-- wp:divi\/placeholder \/-->","_et_gb_content_width":"","footnotes":""},"class_list":["post-9","page","type-page","status-publish","has-post-thumbnail","hentry"],"yoast_head":"<!-- This site is optimized with the Yoast SEO plugin v27.0 - https:\/\/yoast.com\/product\/yoast-seo-wordpress\/ -->\n<title>Servi\u00e7o Guincho em Indaiatuba. Guincho 24 horas. Melhor Pre\u00e7o<\/title>\n<meta name=\"description\" content=\"N\u00e3o perca tempo, ligue agora para Auto socorro Guincho 24 Horas em Indaiatuba SP. Atendimento r\u00e1pido e com melhor pre\u00e7o da regi\u00e3o.\" \/>\n<meta name=\"robots\" content=\"index, follow, max-snippet:-1, max-image-preview:large, max-video-preview:-1\" \/>\n<link rel=\"canonical\" href=\"https:\/\/hrguincho.com.br\/\" \/>\n<meta property=\"og:locale\" content=\"pt_BR\" \/>\n<meta property=\"og:type\" content=\"article\" \/>\n<meta property=\"og:title\" content=\"Servi\u00e7o Guincho em Indaiatuba. Guincho 24 horas. Melhor Pre\u00e7o\" \/>\n<meta property=\"og:description\" content=\"N\u00e3o perca tempo, ligue agora para Auto socorro Guincho 24 Horas em Indaiatuba SP. Atendimento r\u00e1pido e com melhor pre\u00e7o da regi\u00e3o.\" \/>\n<meta property=\"og:url\" content=\"https:\/\/hrguincho.com.br\/\" \/>\n<meta property=\"og:site_name\" content=\"Guincho 24h em Indaiatuba\" \/>\n<meta property=\"article:modified_time\" content=\"2026-03-09T19:21:26+00:00\" \/>\n<meta property=\"og:image\" content=\"https:\/\/hrguincho.com.br\/wp-content\/uploads\/2026\/02\/caminhao-guincho-indaiatuba.webp\" \/>\n\t<meta property=\"og:image:width\" content=\"800\" \/>\n\t<meta property=\"og:image:height\" content=\"600\" \/>\n\t<meta property=\"og:image:type\" content=\"image\/webp\" \/>\n<meta name=\"twitter:card\" content=\"summary_large_image\" \/>\n<meta name=\"twitter:label1\" content=\"Est. tempo de leitura\" \/>\n\t<meta name=\"twitter:data1\" content=\"3 minutos\" \/>\n<script type=\"application\/ld+json\" class=\"yoast-schema-graph\">{\"@context\":\"https:\/\/schema.org\",\"@graph\":[{\"@type\":\"WebPage\",\"@id\":\"https:\/\/hrguincho.com.br\/\",\"url\":\"https:\/\/hrguincho.com.br\/\",\"name\":\"Servi\u00e7o Guincho em Indaiatuba. Guincho 24 horas. Melhor Pre\u00e7o\",\"isPartOf\":{\"@id\":\"https:\/\/hrguincho.com.br\/#website\"},\"primaryImageOfPage\":{\"@id\":\"https:\/\/hrguincho.com.br\/#primaryimage\"},\"image\":{\"@id\":\"https:\/\/hrguincho.com.br\/#primaryimage\"},\"thumbnailUrl\":\"https:\/\/hrguincho.com.br\/wp-content\/uploads\/2026\/02\/caminhao-guincho-indaiatuba.webp\",\"datePublished\":\"2026-02-12T12:32:02+00:00\",\"dateModified\":\"2026-03-09T19:21:26+00:00\",\"description\":\"N\u00e3o perca tempo, ligue agora para Auto socorro Guincho 24 Horas em Indaiatuba SP. Atendimento r\u00e1pido e com melhor pre\u00e7o da regi\u00e3o.\",\"breadcrumb\":{\"@id\":\"https:\/\/hrguincho.com.br\/#breadcrumb\"},\"inLanguage\":\"pt-BR\",\"potentialAction\":[{\"@type\":\"ReadAction\",\"target\":[\"https:\/\/hrguincho.com.br\/\"]}]},{\"@type\":\"ImageObject\",\"inLanguage\":\"pt-BR\",\"@id\":\"https:\/\/hrguincho.com.br\/#primaryimage\",\"url\":\"https:\/\/hrguincho.com.br\/wp-content\/uploads\/2026\/02\/caminhao-guincho-indaiatuba.webp\",\"contentUrl\":\"https:\/\/hrguincho.com.br\/wp-content\/uploads\/2026\/02\/caminhao-guincho-indaiatuba.webp\",\"width\":800,\"height\":600,\"caption\":\"Caminh\u00e3o Guincho 24 horas em Indaiatuba\"},{\"@type\":\"BreadcrumbList\",\"@id\":\"https:\/\/hrguincho.com.br\/#breadcrumb\",\"itemListElement\":[{\"@type\":\"ListItem\",\"position\":1,\"name\":\"In\u00edcio\",\"item\":\"https:\/\/hrguincho.com.br\/\"},{\"@type\":\"ListItem\",\"position\":2,\"name\":\"Guincho em Indaiatuba\"}]},{\"@type\":\"WebSite\",\"@id\":\"https:\/\/hrguincho.com.br\/#website\",\"url\":\"https:\/\/hrguincho.com.br\/\",\"name\":\"Guincho 24h em Indaiatuba\",\"description\":\"Guincho 24h em Indaiatuba - Atendimento rapido de Guincho - Reboque de carros em Indaiatuba\",\"publisher\":{\"@id\":\"https:\/\/hrguincho.com.br\/#organization\"},\"potentialAction\":[{\"@type\":\"SearchAction\",\"target\":{\"@type\":\"EntryPoint\",\"urlTemplate\":\"https:\/\/hrguincho.com.br\/?s={search_term_string}\"},\"query-input\":{\"@type\":\"PropertyValueSpecification\",\"valueRequired\":true,\"valueName\":\"search_term_string\"}}],\"inLanguage\":\"pt-BR\"},{\"@type\":\"Organization\",\"@id\":\"https:\/\/hrguincho.com.br\/#organization\",\"name\":\"Guincho 24h em Indaiatuba\",\"url\":\"https:\/\/hrguincho.com.br\/\",\"logo\":{\"@type\":\"ImageObject\",\"inLanguage\":\"pt-BR\",\"@id\":\"https:\/\/hrguincho.com.br\/#\/schema\/logo\/image\/\",\"url\":\"https:\/\/hrguincho.com.br\/wp-content\/uploads\/2026\/02\/guincho-indaiatuba.webp\",\"contentUrl\":\"https:\/\/hrguincho.com.br\/wp-content\/uploads\/2026\/02\/guincho-indaiatuba.webp\",\"width\":445,\"height\":260,\"caption\":\"Guincho 24h em Indaiatuba\"},\"image\":{\"@id\":\"https:\/\/hrguincho.com.br\/#\/schema\/logo\/image\/\"}}]}<\/script>\n<!-- \/ Yoast SEO plugin. -->","yoast_head_json":{"title":"Servi\u00e7o Guincho em Indaiatuba. Guincho 24 horas. Melhor Pre\u00e7o","description":"N\u00e3o perca tempo, ligue agora para Auto socorro Guincho 24 Horas em Indaiatuba SP. Atendimento r\u00e1pido e com melhor pre\u00e7o da regi\u00e3o.","robots":{"index":"index","follow":"follow","max-snippet":"max-snippet:-1","max-image-preview":"max-image-preview:large","max-video-preview":"max-video-preview:-1"},"canonical":"https:\/\/hrguincho.com.br\/","og_locale":"pt_BR","og_type":"article","og_title":"Servi\u00e7o Guincho em Indaiatuba. Guincho 24 horas. Melhor Pre\u00e7o","og_description":"N\u00e3o perca tempo, ligue agora para Auto socorro Guincho 24 Horas em Indaiatuba SP. Atendimento r\u00e1pido e com melhor pre\u00e7o da regi\u00e3o.","og_url":"https:\/\/hrguincho.com.br\/","og_site_name":"Guincho 24h em Indaiatuba","article_modified_time":"2026-03-09T19:21:26+00:00","og_image":[{"width":800,"height":600,"url":"https:\/\/hrguincho.com.br\/wp-content\/uploads\/2026\/02\/caminhao-guincho-indaiatuba.webp","type":"image\/webp"}],"twitter_card":"summary_large_image","twitter_misc":{"Est. tempo de leitura":"3 minutos"},"schema":{"@context":"https:\/\/schema.org","@graph":[{"@type":"WebPage","@id":"https:\/\/hrguincho.com.br\/","url":"https:\/\/hrguincho.com.br\/","name":"Servi\u00e7o Guincho em Indaiatuba. Guincho 24 horas. Melhor Pre\u00e7o","isPartOf":{"@id":"https:\/\/hrguincho.com.br\/#website"},"primaryImageOfPage":{"@id":"https:\/\/hrguincho.com.br\/#primaryimage"},"image":{"@id":"https:\/\/hrguincho.com.br\/#primaryimage"},"thumbnailUrl":"https:\/\/hrguincho.com.br\/wp-content\/uploads\/2026\/02\/caminhao-guincho-indaiatuba.webp","datePublished":"2026-02-12T12:32:02+00:00","dateModified":"2026-03-09T19:21:26+00:00","description":"N\u00e3o perca tempo, ligue agora para Auto socorro Guincho 24 Horas em Indaiatuba SP. Atendimento r\u00e1pido e com melhor pre\u00e7o da regi\u00e3o.","breadcrumb":{"@id":"https:\/\/hrguincho.com.br\/#breadcrumb"},"inLanguage":"pt-BR","potentialAction":[{"@type":"ReadAction","target":["https:\/\/hrguincho.com.br\/"]}]},{"@type":"ImageObject","inLanguage":"pt-BR","@id":"https:\/\/hrguincho.com.br\/#primaryimage","url":"https:\/\/hrguincho.com.br\/wp-content\/uploads\/2026\/02\/caminhao-guincho-indaiatuba.webp","contentUrl":"https:\/\/hrguincho.com.br\/wp-content\/uploads\/2026\/02\/caminhao-guincho-indaiatuba.webp","width":800,"height":600,"caption":"Caminh\u00e3o Guincho 24 horas em Indaiatuba"},{"@type":"BreadcrumbList","@id":"https:\/\/hrguincho.com.br\/#breadcrumb","itemListElement":[{"@type":"ListItem","position":1,"name":"In\u00edcio","item":"https:\/\/hrguincho.com.br\/"},{"@type":"ListItem","position":2,"name":"Guincho em Indaiatuba"}]},{"@type":"WebSite","@id":"https:\/\/hrguincho.com.br\/#website","url":"https:\/\/hrguincho.com.br\/","name":"Guincho 24h em Indaiatuba","description":"Guincho 24h em Indaiatuba - Atendimento rapido de Guincho - Reboque de carros em Indaiatuba","publisher":{"@id":"https:\/\/hrguincho.com.br\/#organization"},"potentialAction":[{"@type":"SearchAction","target":{"@type":"EntryPoint","urlTemplate":"https:\/\/hrguincho.com.br\/?s={search_term_string}"},"query-input":{"@type":"PropertyValueSpecification","valueRequired":true,"valueName":"search_term_string"}}],"inLanguage":"pt-BR"},{"@type":"Organization","@id":"https:\/\/hrguincho.com.br\/#organization","name":"Guincho 24h em Indaiatuba","url":"https:\/\/hrguincho.com.br\/","logo":{"@type":"ImageObject","inLanguage":"pt-BR","@id":"https:\/\/hrguincho.com.br\/#\/schema\/logo\/image\/","url":"https:\/\/hrguincho.com.br\/wp-content\/uploads\/2026\/02\/guincho-indaiatuba.webp","contentUrl":"https:\/\/hrguincho.com.br\/wp-content\/uploads\/2026\/02\/guincho-indaiatuba.webp","width":445,"height":260,"caption":"Guincho 24h em Indaiatuba"},"image":{"@id":"https:\/\/hrguincho.com.br\/#\/schema\/logo\/image\/"}}]}},"_links":{"self":[{"href":"https:\/\/hrguincho.com.br\/index.php\/wp-json\/wp\/v2\/pages\/9","targetHints":{"allow":["GET"]}}],"collection":[{"href":"https:\/\/hrguincho.com.br\/index.php\/wp-json\/wp\/v2\/pages"}],"about":[{"href":"https:\/\/hrguincho.com.br\/index.php\/wp-json\/wp\/v2\/types\/page"}],"author":[{"embeddable":true,"href":"https:\/\/hrguincho.com.br\/index.php\/wp-json\/wp\/v2\/users\/1"}],"replies":[{"embeddable":true,"href":"https:\/\/hrguincho.com.br\/index.php\/wp-json\/wp\/v2\/comments?post=9"}],"version-history":[{"count":17,"href":"https:\/\/hrguincho.com.br\/index.php\/wp-json\/wp\/v2\/pages\/9\/revisions"}],"predecessor-version":[{"id":70,"href":"https:\/\/hrguincho.com.br\/index.php\/wp-json\/wp\/v2\/pages\/9\/revisions\/70"}],"wp:featuredmedia":[{"embeddable":true,"href":"https:\/\/hrguincho.com.br\/index.php\/wp-json\/wp\/v2\/media\/35"}],"wp:attachment":[{"href":"https:\/\/hrguincho.com.br\/index.php\/wp-json\/wp\/v2\/media?parent=9"}],"curies":[{"name":"wp","href":"https:\/\/api.w.org\/{rel}","templated":true}]}}